{"id":103,"date":"2025-08-17T20:25:24","date_gmt":"2025-08-17T20:25:24","guid":{"rendered":"https:\/\/rita.barwitzki.de\/?page_id=103"},"modified":"2025-08-17T21:07:03","modified_gmt":"2025-08-17T21:07:03","slug":"about","status":"publish","type":"page","link":"https:\/\/rita.barwitzki.de\/index.php\/about\/","title":{"rendered":"About"},"content":{"rendered":"\n<figure class=\"wp-block-image size-medium\"><img loading=\"lazy\" decoding=\"async\" width=\"225\" height=\"300\" src=\"https:\/\/rita.barwitzki.de\/wp-content\/uploads\/2025\/08\/IMG_2036-edited-225x300.jpg\" alt=\"\" class=\"wp-image-105\" srcset=\"https:\/\/rita.barwitzki.de\/wp-content\/uploads\/2025\/08\/IMG_2036-edited-225x300.jpg 225w, https:\/\/rita.barwitzki.de\/wp-content\/uploads\/2025\/08\/IMG_2036-edited-768x1023.jpg 768w, https:\/\/rita.barwitzki.de\/wp-content\/uploads\/2025\/08\/IMG_2036-edited-1153x1536.jpg 1153w, https:\/\/rita.barwitzki.de\/wp-content\/uploads\/2025\/08\/IMG_2036-edited.jpg 1239w\" sizes=\"auto, (max-width: 225px) 100vw, 225px\" \/><\/figure>\n\n\n\n<p>Rita Barwitzki lebt und arbeitet in Leipzig, geboren 1978 in Dresden, Deutschland.<\/p>\n\n\n\n<figure class=\"wp-block-table is-style-regular\"><table><tbody><tr><td>1998<\/td><td>Abitur am Kreuzgymnasium Dresden<\/td><\/tr><tr><td>1998 \u2012 2006<\/td><td>Studium der Kunstp\u00e4dagogik, Universit\u00e4t Leipzig<\/td><\/tr><tr><td>seit 2000<\/td><td>Kunstschaffende<\/td><\/tr><tr><td>2013 \u2012 2025<\/td><td>Lehrerin in Teilzeit am Montessori &#8211; Schulzentrum Leipzig<\/td><\/tr><tr><td>seit 2025<\/td><td>Lehrerin in Teilzeit am BIP Kreativit\u00e4tsgymnasium<\/td><\/tr><tr><td>seit 2021<\/td><td>regelm\u00e4\u00dfige Zusammenarbeit mit Marc Dettmann, Andreas Wei\u00dfgerber und Marat Abadi in der Druckgrafikwerkstatt Werk 2<\/td><\/tr><tr><td>2023<\/td><td>Lithografie-Workshop bei Thomas Franke @steinwerk_edition und Transferlithografie-Workshop bei Ute Hellriegel<\/td><\/tr><tr><td>2024<\/td><td>Teilnahme an der 32. Sommerakademie Riesa Seminar f\u00fcr Malerei bei Ines Hildur<\/td><\/tr><tr><td>2025\/07<\/td><td>Seminar \u201eFreie und fig\u00fcrliche Malerei\u201c bei Matthias Kroth an der AdBK Kolbermoor<\/td><\/tr><tr><td>ab 2025\/10<\/td><td>Malereiseminar bei Dirk Neumann im K\u00fcnstlerhaus 188 in Halle<\/td><\/tr><\/tbody><\/table><\/figure>\n\n\n\n<p><br><strong>Ausstellungen und Ausstellungsbeteiligungen (Auswahl)<\/strong><\/p>\n\n\n\n<figure class=\"wp-block-table\"><table><tbody><tr><td>2025, 02 \u2012 03<\/td><td>Druckkunst 2025, Harderbastei Ingolstadt, BBK Obb. Nord<\/td><\/tr><tr><td>2025, 03 \u2012 06<\/td><td>Grafikdruckwerkstatt Werk2 Leipzig, Doppelausstellung \u201e&amp;\u201c<\/td><\/tr><tr><td>2024, 06<\/td><td>Wohnkulturgut Gostewitz<\/td><\/tr><tr><td>2024, 02 \u2012 03<\/td><td>Druckkunst 2024, Harderbastei Ingolstadt, BBK Obb. Nord<\/td><\/tr><tr><td>2024, 03<\/td><td>Truc Troc Kunst zum Tausch, K\u00fcnstlerforum Bonn<\/td><\/tr><tr><td>2024, 01 \u2012 03<\/td><td>Werkschau Grafikdruckwerkstatt Werk2 Leipzig<\/td><\/tr><tr><td>2023, 11<\/td><td>DTT.11, Tapetenwerk Leipzig<\/td><\/tr><tr><td>2023, 09 \u2012 12<\/td><td>Faro Cabo Mayor Art Center, Santander, Spanien \u2013 VI. International Mini Prints<\/td><\/tr><tr><td>2023, 06<\/td><td>Expometro Barcelona, Spanien<\/td><\/tr><tr><td>2022, 11 \u2012 12<\/td><td>Kalenderbl\u00e4tter, Werk2 Leipzig<\/td><\/tr><tr><td>2022 \u2012 2024<\/td><td>Textildesign, Fan\u00f6 Leipzig<\/td><\/tr><tr><td>2021, 09<\/td><td>Triennale Grenchen, Schweiz<\/td><\/tr><tr><td>2016<\/td><td>Schaddelm\u00fchle bei Grimma<\/td><\/tr><tr><td>seit 2013<\/td><td>Schkeuditz, Schillerstuben<\/td><\/tr><tr><td>2011, 03 \u2012 05<\/td><td>Kowalski Leipzig<\/td><\/tr><tr><td>2005<\/td><td>Rektoratsgeb\u00e4ude Universit\u00e4t Leipzig<\/td><\/tr><tr><td>2004<\/td><td>Institut f\u00fcr Kunstp\u00e4dagogik Leipzig: Ehrenpreis \u201eMensch und Raum \u2013 ein Konstrukt\u201c<\/td><\/tr><tr><td>2003<\/td><td>Uni-Fotowettbewerb Halle-Jena-Leipzig: 1. Preis<\/td><\/tr><tr><td>2001, 2002<\/td><td>Galerie Treppenwerke Universit\u00e4t Leipzig<\/td><\/tr><tr><td>2000<\/td><td>Jahrhundertbuch in Dresden, riesa e.V.<\/td><\/tr><\/tbody><\/table><\/figure>\n","protected":false},"excerpt":{"rendered":"<p>Rita Barwitzki lebt und arbeitet in Leipzig, geboren 1978 in Dresden, Deutschland. 1998 Abitur am Kreuzgymnasium Dresden 1998 \u2012 2006 Studium der Kunstp\u00e4dagogik, Universit\u00e4t Leipzig seit 2000 Kunstschaffende 2013 \u2012 2025 Lehrerin in Teilzeit am Montessori &#8211; Schulzentrum Leipzig seit 2025 Lehrerin in Teilzeit am BIP Kreativit\u00e4tsgymnasium seit 2021 regelm\u00e4\u00dfige Zusammenarbeit mit Marc Dettmann, Andreas &hellip; <\/p>\n<p class=\"link-more\"><a href=\"https:\/\/rita.barwitzki.de\/index.php\/about\/\" class=\"more-link\"><span class=\"screen-reader-text\">\u201eAbout\u201c <\/span>weiterlesen<\/a><\/p>\n","protected":false},"author":1,"featured_media":0,"parent":0,"menu_order":0,"comment_status":"closed","ping_status":"closed","template":"","meta":{"footnotes":""},"class_list":["post-103","page","type-page","status-publish","hentry"],"_links":{"self":[{"href":"https:\/\/rita.barwitzki.de\/index.php\/wp-json\/wp\/v2\/pages\/103","targetHints":{"allow":["GET"]}}],"collection":[{"href":"https:\/\/rita.barwitzki.de\/index.php\/wp-json\/wp\/v2\/pages"}],"about":[{"href":"https:\/\/rita.barwitzki.de\/index.php\/wp-json\/wp\/v2\/types\/page"}],"author":[{"embeddable":true,"href":"https:\/\/rita.barwitzki.de\/index.php\/wp-json\/wp\/v2\/users\/1"}],"replies":[{"embeddable":true,"href":"https:\/\/rita.barwitzki.de\/index.php\/wp-json\/wp\/v2\/comments?post=103"}],"version-history":[{"count":24,"href":"https:\/\/rita.barwitzki.de\/index.php\/wp-json\/wp\/v2\/pages\/103\/revisions"}],"predecessor-version":[{"id":146,"href":"https:\/\/rita.barwitzki.de\/index.php\/wp-json\/wp\/v2\/pages\/103\/revisions\/146"}],"wp:attachment":[{"href":"https:\/\/rita.barwitzki.de\/index.php\/wp-json\/wp\/v2\/media?parent=103"}],"curies":[{"name":"wp","href":"https:\/\/api.w.org\/{rel}","templated":true}]}}